{"id":24,"date":"2021-08-02T22:23:07","date_gmt":"2021-08-02T20:23:07","guid":{"rendered":"https:\/\/www.patrimoineglane.ch\/?page_id=24"},"modified":"2023-11-16T23:40:15","modified_gmt":"2023-11-16T22:40:15","slug":"soutenir","status":"publish","type":"page","link":"https:\/\/www.patrimoineglane.ch\/?page_id=24","title":{"rendered":"Soutenir"},"content":{"rendered":"\n<p>Nous avons besoin de votre aide !<\/p>\n\n\n\n<p>Vous pouvez, en tout temps, devenir membre de Patrimoine Gl\u00e2ne. <\/p>\n\n\n\n<p>Les cotisations annuelles sont fix\u00e9es \u00e0 :<\/p>\n\n\n\n<ul class=\"wp-block-list\"><li>20.- CHF pour les \u00e9tudiantes et \u00e9tudiants<\/li><li>40.- CHF pour les membres ordinaires<\/li><li>60.- CHF pour les couples<\/li><li>100.- CHF pour les collectivit\u00e9s<\/li><\/ul>\n\n\n\n<p>Pour le versement des cotisations et pour tout don pour soutenir notre association:<\/p>\n\n\n\n<p>Banque cantonal de Fribourg, Fribourg<\/p>\n\n\n\n<p>IBAN: CH23 0076 8300 1608 6260 6<\/p>\n\n\n\n<p>Patrimoine Gl\u00e2ne, 1680 Romont<\/p>\n","protected":false},"excerpt":{"rendered":"<p>Nous avons besoin de votre aide ! Vous pouvez, en tout temps, devenir membre de Patrimoine Gl\u00e2ne. Les cotisations annuelles sont fix\u00e9es \u00e0 : 20.- CHF pour les \u00e9tudiantes et \u00e9tudiants 40.- CHF pour les membres ordinaires 60.- CHF pour les couples 100.- CHF pour les collectivit\u00e9s Pour le versement des cotisations et pour tout [&hellip;]<\/p>\n","protected":false},"author":1,"featured_media":0,"parent":0,"menu_order":0,"comment_status":"closed","ping_status":"closed","template":"","meta":{"footnotes":""},"class_list":["post-24","page","type-page","status-publish","hentry"],"_links":{"self":[{"href":"https:\/\/www.patrimoineglane.ch\/index.php?rest_route=\/wp\/v2\/pages\/24","targetHints":{"allow":["GET"]}}],"collection":[{"href":"https:\/\/www.patrimoineglane.ch\/index.php?rest_route=\/wp\/v2\/pages"}],"about":[{"href":"https:\/\/www.patrimoineglane.ch\/index.php?rest_route=\/wp\/v2\/types\/page"}],"author":[{"embeddable":true,"href":"https:\/\/www.patrimoineglane.ch\/index.php?rest_route=\/wp\/v2\/users\/1"}],"replies":[{"embeddable":true,"href":"https:\/\/www.patrimoineglane.ch\/index.php?rest_route=%2Fwp%2Fv2%2Fcomments&post=24"}],"version-history":[{"count":10,"href":"https:\/\/www.patrimoineglane.ch\/index.php?rest_route=\/wp\/v2\/pages\/24\/revisions"}],"predecessor-version":[{"id":342,"href":"https:\/\/www.patrimoineglane.ch\/index.php?rest_route=\/wp\/v2\/pages\/24\/revisions\/342"}],"wp:attachment":[{"href":"https:\/\/www.patrimoineglane.ch\/index.php?rest_route=%2Fwp%2Fv2%2Fmedia&parent=24"}],"curies":[{"name":"wp","href":"https:\/\/api.w.org\/{rel}","templated":true}]}}