{"id":26,"date":"2021-08-02T22:23:31","date_gmt":"2021-08-02T20:23:31","guid":{"rendered":"https:\/\/www.patrimoineglane.ch\/?page_id=26"},"modified":"2024-08-08T14:38:17","modified_gmt":"2024-08-08T12:38:17","slug":"projets","status":"publish","type":"page","link":"https:\/\/www.patrimoineglane.ch\/?page_id=26","title":{"rendered":"Projets"},"content":{"rendered":"\n<div class=\"wp-block-media-text alignwide is-stacked-on-mobile\"><figure class=\"wp-block-media-text__media\"><img loading=\"lazy\" decoding=\"async\" width=\"1024\" height=\"768\" src=\"https:\/\/www.patrimoineglane.ch\/wp-content\/uploads\/2021\/09\/electro-1024x768.jpg\" alt=\"\" class=\"wp-image-188 size-full\" srcset=\"https:\/\/www.patrimoineglane.ch\/wp-content\/uploads\/2021\/09\/electro-1024x768.jpg 1024w, https:\/\/www.patrimoineglane.ch\/wp-content\/uploads\/2021\/09\/electro-300x225.jpg 300w, https:\/\/www.patrimoineglane.ch\/wp-content\/uploads\/2021\/09\/electro-768x576.jpg 768w, https:\/\/www.patrimoineglane.ch\/wp-content\/uploads\/2021\/09\/electro-1536x1152.jpg 1536w, https:\/\/www.patrimoineglane.ch\/wp-content\/uploads\/2021\/09\/electro-2048x1536.jpg 2048w, https:\/\/www.patrimoineglane.ch\/wp-content\/uploads\/2021\/09\/electro-665x499.jpg 665w\" sizes=\"auto, (max-width: 1024px) 100vw, 1024px\" \/><\/figure><div class=\"wp-block-media-text__content\">\n<p class=\"has-medium-font-size\"><strong>Epredia Erie-Electroverre<\/strong><\/p>\n\n\n\n<p class=\"has-medium-font-size\">Sauver et documenter tout ce qui peut l&rsquo;\u00eatre des plus de 80 ans d&rsquo;histoire de cette industrie du verre \u00e0 la technique unique, avant le d\u00e9mant\u00e8lement et la fermeture de l&rsquo;usine<\/p>\n\n\n\n<figure class=\"wp-block-video\"><video height=\"480\" style=\"aspect-ratio: 848 \/ 480;\" width=\"848\" controls src=\"https:\/\/www.patrimoineglane.ch\/wp-content\/uploads\/2024\/08\/Video-Glannaz-Election-Coulee-1982.mp4\"><\/video><figcaption class=\"wp-element-caption\">Coul\u00e9e du four le 11.03.1972, Beno\u00eet Glannaz (1&rsquo;14)<\/figcaption><\/figure>\n\n\n\n<p><\/p>\n<\/div><\/div>\n\n\n\n<div class=\"wp-block-media-text alignwide is-stacked-on-mobile\"><figure class=\"wp-block-media-text__media\"><img loading=\"lazy\" decoding=\"async\" width=\"1024\" height=\"706\" src=\"https:\/\/www.patrimoineglane.ch\/wp-content\/uploads\/2021\/09\/Robadey-1024x706.jpg\" alt=\"\" class=\"wp-image-189 size-full\" srcset=\"https:\/\/www.patrimoineglane.ch\/wp-content\/uploads\/2021\/09\/Robadey-1024x706.jpg 1024w, https:\/\/www.patrimoineglane.ch\/wp-content\/uploads\/2021\/09\/Robadey-300x207.jpg 300w, https:\/\/www.patrimoineglane.ch\/wp-content\/uploads\/2021\/09\/Robadey-768x529.jpg 768w, https:\/\/www.patrimoineglane.ch\/wp-content\/uploads\/2021\/09\/Robadey-1536x1058.jpg 1536w, https:\/\/www.patrimoineglane.ch\/wp-content\/uploads\/2021\/09\/Robadey-2048x1411.jpg 2048w, https:\/\/www.patrimoineglane.ch\/wp-content\/uploads\/2021\/09\/Robadey-60x42.jpg 60w, https:\/\/www.patrimoineglane.ch\/wp-content\/uploads\/2021\/09\/Robadey-665x458.jpg 665w\" sizes=\"auto, (max-width: 1024px) 100vw, 1024px\" \/><\/figure><div class=\"wp-block-media-text__content\">\n<p class=\"has-medium-font-size\"><strong>Fonds de la pharmacie Robadey<\/strong><\/p>\n\n\n\n<p class=\"has-medium-font-size\">Documenter et \u00e9viter la diss\u00e9mination d&rsquo;une collection exceptionnelle et pr\u00e9serv\u00e9e jusque-l\u00e0, retra\u00e7ant l&rsquo;histoire d&rsquo;une pharmacie active \u00e0 Romont de 1828 \u00e0 1982.<\/p>\n<\/div><\/div>\n\n\n\n<p>&lt; <em>en construction<\/em> &gt;<\/p>\n","protected":false},"excerpt":{"rendered":"<p>Fonds de la pharmacie Robadey Documenter et \u00e9viter la diss\u00e9mination d&rsquo;une collection exceptionnelle et pr\u00e9serv\u00e9e jusque-l\u00e0, retra\u00e7ant l&rsquo;histoire d&rsquo;une pharmacie active \u00e0 Romont de 1828 \u00e0 1982. &lt; en construction &gt;<\/p>\n","protected":false},"author":1,"featured_media":0,"parent":0,"menu_order":0,"comment_status":"closed","ping_status":"closed","template":"","meta":{"footnotes":""},"class_list":["post-26","page","type-page","status-publish","hentry"],"_links":{"self":[{"href":"https:\/\/www.patrimoineglane.ch\/index.php?rest_route=\/wp\/v2\/pages\/26","targetHints":{"allow":["GET"]}}],"collection":[{"href":"https:\/\/www.patrimoineglane.ch\/index.php?rest_route=\/wp\/v2\/pages"}],"about":[{"href":"https:\/\/www.patrimoineglane.ch\/index.php?rest_route=\/wp\/v2\/types\/page"}],"author":[{"embeddable":true,"href":"https:\/\/www.patrimoineglane.ch\/index.php?rest_route=\/wp\/v2\/users\/1"}],"replies":[{"embeddable":true,"href":"https:\/\/www.patrimoineglane.ch\/index.php?rest_route=%2Fwp%2Fv2%2Fcomments&post=26"}],"version-history":[{"count":12,"href":"https:\/\/www.patrimoineglane.ch\/index.php?rest_route=\/wp\/v2\/pages\/26\/revisions"}],"predecessor-version":[{"id":408,"href":"https:\/\/www.patrimoineglane.ch\/index.php?rest_route=\/wp\/v2\/pages\/26\/revisions\/408"}],"wp:attachment":[{"href":"https:\/\/www.patrimoineglane.ch\/index.php?rest_route=%2Fwp%2Fv2%2Fmedia&parent=26"}],"curies":[{"name":"wp","href":"https:\/\/api.w.org\/{rel}","templated":true}]}}