{"id":28,"date":"2021-08-02T22:24:02","date_gmt":"2021-08-02T20:24:02","guid":{"rendered":"https:\/\/www.patrimoineglane.ch\/?page_id=28"},"modified":"2025-08-03T11:38:09","modified_gmt":"2025-08-03T09:38:09","slug":"activites","status":"publish","type":"page","link":"https:\/\/www.patrimoineglane.ch\/?page_id=28","title":{"rendered":"Activit\u00e9s"},"content":{"rendered":"\n<p>L&rsquo;<strong>assembl\u00e9e g\u00e9n\u00e9rale<\/strong> <strong>2024 <\/strong>a eu lieu le samedi<br><strong>31 ao\u00fbt 2024 <\/strong>\u00e0 l&rsquo;\u00e9cole primaire de <strong>Ch\u00e2tonnaye<\/strong>.<\/p>\n\n\n\n<p>A la suite de l&rsquo;assembl\u00e9e, les participant.e.s ont eu la chance de profiter de la<strong> visite exclusive d&rsquo;une demeure priv\u00e9e du milieu du dix-neuvi\u00e8me si\u00e8cle<\/strong> qui a \u00e9t\u00e9 restaur\u00e9e r\u00e9cemment avec autant de soin que de go\u00fbt et de comp\u00e9tence. Elle se trouve \u00e0 quelques pas seulement du lieu de l&rsquo;assembl\u00e9e.<\/p>\n\n\n\n<p>En plus de la pr\u00e9sentation par le propri\u00e9taire, le public a eu le privil\u00e8ge d&rsquo;explications sur la maison et sa restauration par <strong>Monsieur Fran\u00e7ois Guex<\/strong>, historien d&rsquo;art et arch\u00e9ologue r\u00e9put\u00e9 sur le plan cantonal et suisse, qui avait suivi ce projet en tant que repr\u00e9sentant du Service des biens culturels de l&rsquo;\u00c9tat de Fribourg.<\/p>\n\n\n\n<p>Un moment d&rsquo;\u00e9changes et d&rsquo;amiti\u00e9 lors d&rsquo;un savoureux <strong>ap\u00e9ritif<\/strong> a suivi dans le magnifique parc de la demeure. Au grand merci au propri\u00e9taire pour son accueil chaleureux!<\/p>\n\n\n\n<figure class=\"wp-block-image size-full\"><img decoding=\"async\" src=\"https:\/\/www.patrimoineglane.ch\/wp-content\/uploads\/2025\/01\/Chatonnaye_Francois-Guex.jpeg\" alt=\"\" class=\"wp-image-417\"\/><\/figure>\n\n\n\n<figure class=\"wp-block-image size-full\"><img decoding=\"async\" src=\"https:\/\/www.patrimoineglane.ch\/wp-content\/uploads\/2025\/01\/Chatonnaye-Parc.jpeg\" alt=\"\" class=\"wp-image-418\"\/><\/figure>\n\n\n\n<p> * * * * * * * * * *<\/p>\n\n\n\n<p><\/p>\n\n\n\n<p><\/p>\n\n\n\n<p>Le <strong>samedi 3 septembre<\/strong> <strong>2022<\/strong>, lors de la B\u00e9nichon de Romont, de tr\u00e8s nombreux\u00b7ses visiteurs\u00b7ses ont profit\u00e9 de l&rsquo;occasion unique de visiter l&rsquo;ancien atelier de  <strong>Jaco Str\u00fcby<\/strong> (1917-2001), cr\u00e9ateur insolite et touchant. A la demande de Patrimoine Gl\u00e2ne, son fils Bernard Str\u00fcby a cordialement ouvert les portes de l&rsquo;atelier, situ\u00e9 \u00e0 la rue du Ch\u00e2teau 95 \u00e0 Romont.<\/p>\n\n\n\n<p>Entre 1950 et 1980, souvent la nuit puis \u00e0 sa retraite, Louis Str\u00fcby \u2013 Jaco \u2013 a cr\u00e9\u00e9, dans les locaux de son entreprise de pl\u00e2trerie-peinture, des <strong>poyas anim\u00e9es et d\u2019autres \u00ab&nbsp;tableaux vivants&nbsp;\u00bb actionn\u00e9s par des m\u00e9canismes improvis\u00e9s ou r\u00e9cup\u00e9r\u00e9s<\/strong>. Ces inventions sont charmantes, parfois na\u00efves, toujours ludiques.&nbsp;<\/p>\n\n\n\n<p>Plusieurs \u0153uvres ont disparu, mais son fils Bernard Str\u00fcby en a conserv\u00e9 un choix int\u00e9ressant. Il les a mises en sc\u00e8ne de mani\u00e8re originale, entour\u00e9es de d\u00e9cors de th\u00e9\u00e2tre que Jaco confectionnait volontiers pour les troupes amies, d\u2019ornements pour des manifestations locales, et d\u2019autres objets.<\/p>\n\n\n\n<figure class=\"wp-block-gallery has-nested-images columns-default is-cropped wp-block-gallery-1 is-layout-flex wp-block-gallery-is-layout-flex\">\n<figure class=\"wp-block-image size-large\"><img loading=\"lazy\" decoding=\"async\" width=\"1024\" height=\"697\" data-id=\"313\" src=\"https:\/\/www.patrimoineglane.ch\/wp-content\/uploads\/2022\/10\/Struby-1-1024x697.jpg\" alt=\"\" class=\"wp-image-313\" srcset=\"https:\/\/www.patrimoineglane.ch\/wp-content\/uploads\/2022\/10\/Struby-1-1024x697.jpg 1024w, https:\/\/www.patrimoineglane.ch\/wp-content\/uploads\/2022\/10\/Struby-1-300x204.jpg 300w, https:\/\/www.patrimoineglane.ch\/wp-content\/uploads\/2022\/10\/Struby-1-768x523.jpg 768w, https:\/\/www.patrimoineglane.ch\/wp-content\/uploads\/2022\/10\/Struby-1-1536x1045.jpg 1536w, https:\/\/www.patrimoineglane.ch\/wp-content\/uploads\/2022\/10\/Struby-1-2048x1393.jpg 2048w, https:\/\/www.patrimoineglane.ch\/wp-content\/uploads\/2022\/10\/Struby-1-1200x816.jpg 1200w, https:\/\/www.patrimoineglane.ch\/wp-content\/uploads\/2022\/10\/Struby-1-1980x1347.jpg 1980w\" sizes=\"auto, (max-width: 1024px) 100vw, 1024px\" \/><\/figure>\n\n\n\n<figure class=\"wp-block-image size-large\"><img loading=\"lazy\" decoding=\"async\" width=\"732\" height=\"1024\" data-id=\"316\" src=\"https:\/\/www.patrimoineglane.ch\/wp-content\/uploads\/2022\/10\/Struby-2-1-732x1024.jpg\" alt=\"\" class=\"wp-image-316\" srcset=\"https:\/\/www.patrimoineglane.ch\/wp-content\/uploads\/2022\/10\/Struby-2-1-732x1024.jpg 732w, https:\/\/www.patrimoineglane.ch\/wp-content\/uploads\/2022\/10\/Struby-2-1-214x300.jpg 214w, https:\/\/www.patrimoineglane.ch\/wp-content\/uploads\/2022\/10\/Struby-2-1-768x1074.jpg 768w, https:\/\/www.patrimoineglane.ch\/wp-content\/uploads\/2022\/10\/Struby-2-1-1098x1536.jpg 1098w, https:\/\/www.patrimoineglane.ch\/wp-content\/uploads\/2022\/10\/Struby-2-1-1464x2048.jpg 1464w, https:\/\/www.patrimoineglane.ch\/wp-content\/uploads\/2022\/10\/Struby-2-1-1200x1679.jpg 1200w, https:\/\/www.patrimoineglane.ch\/wp-content\/uploads\/2022\/10\/Struby-2-1-1980x2770.jpg 1980w, https:\/\/www.patrimoineglane.ch\/wp-content\/uploads\/2022\/10\/Struby-2-1-scaled.jpg 1830w\" sizes=\"auto, (max-width: 732px) 100vw, 732px\" \/><\/figure>\n\n\n\n<figure class=\"wp-block-image size-large\"><img loading=\"lazy\" decoding=\"async\" width=\"1024\" height=\"732\" data-id=\"317\" src=\"https:\/\/www.patrimoineglane.ch\/wp-content\/uploads\/2022\/10\/Struby-3-1-1024x732.jpg\" alt=\"\" class=\"wp-image-317\" srcset=\"https:\/\/www.patrimoineglane.ch\/wp-content\/uploads\/2022\/10\/Struby-3-1-1024x732.jpg 1024w, https:\/\/www.patrimoineglane.ch\/wp-content\/uploads\/2022\/10\/Struby-3-1-300x215.jpg 300w, https:\/\/www.patrimoineglane.ch\/wp-content\/uploads\/2022\/10\/Struby-3-1-768x549.jpg 768w, https:\/\/www.patrimoineglane.ch\/wp-content\/uploads\/2022\/10\/Struby-3-1-1536x1099.jpg 1536w, https:\/\/www.patrimoineglane.ch\/wp-content\/uploads\/2022\/10\/Struby-3-1-2048x1465.jpg 2048w, https:\/\/www.patrimoineglane.ch\/wp-content\/uploads\/2022\/10\/Struby-3-1-1200x858.jpg 1200w, https:\/\/www.patrimoineglane.ch\/wp-content\/uploads\/2022\/10\/Struby-3-1-1980x1416.jpg 1980w\" sizes=\"auto, (max-width: 1024px) 100vw, 1024px\" \/><\/figure>\n\n\n\n<figure class=\"wp-block-image size-large\"><img loading=\"lazy\" decoding=\"async\" width=\"1024\" height=\"768\" data-id=\"318\" src=\"https:\/\/www.patrimoineglane.ch\/wp-content\/uploads\/2022\/10\/IMG_0998-1024x768.jpeg\" alt=\"\" class=\"wp-image-318\" srcset=\"https:\/\/www.patrimoineglane.ch\/wp-content\/uploads\/2022\/10\/IMG_0998-1024x768.jpeg 1024w, https:\/\/www.patrimoineglane.ch\/wp-content\/uploads\/2022\/10\/IMG_0998-300x225.jpeg 300w, https:\/\/www.patrimoineglane.ch\/wp-content\/uploads\/2022\/10\/IMG_0998-768x576.jpeg 768w, https:\/\/www.patrimoineglane.ch\/wp-content\/uploads\/2022\/10\/IMG_0998-1536x1152.jpeg 1536w, https:\/\/www.patrimoineglane.ch\/wp-content\/uploads\/2022\/10\/IMG_0998-2048x1536.jpeg 2048w, https:\/\/www.patrimoineglane.ch\/wp-content\/uploads\/2022\/10\/IMG_0998-1200x900.jpeg 1200w, https:\/\/www.patrimoineglane.ch\/wp-content\/uploads\/2022\/10\/IMG_0998-1980x1485.jpeg 1980w\" sizes=\"auto, (max-width: 1024px) 100vw, 1024px\" \/><\/figure>\n\n\n\n<figure class=\"wp-block-image size-large\"><img loading=\"lazy\" decoding=\"async\" width=\"1024\" height=\"768\" data-id=\"319\" src=\"https:\/\/www.patrimoineglane.ch\/wp-content\/uploads\/2022\/10\/IMG_4354photo-1024x768.jpg\" alt=\"\" class=\"wp-image-319\" srcset=\"https:\/\/www.patrimoineglane.ch\/wp-content\/uploads\/2022\/10\/IMG_4354photo-1024x768.jpg 1024w, https:\/\/www.patrimoineglane.ch\/wp-content\/uploads\/2022\/10\/IMG_4354photo-300x225.jpg 300w, https:\/\/www.patrimoineglane.ch\/wp-content\/uploads\/2022\/10\/IMG_4354photo-768x576.jpg 768w, https:\/\/www.patrimoineglane.ch\/wp-content\/uploads\/2022\/10\/IMG_4354photo-1536x1152.jpg 1536w, https:\/\/www.patrimoineglane.ch\/wp-content\/uploads\/2022\/10\/IMG_4354photo-2048x1536.jpg 2048w, https:\/\/www.patrimoineglane.ch\/wp-content\/uploads\/2022\/10\/IMG_4354photo-1200x900.jpg 1200w, https:\/\/www.patrimoineglane.ch\/wp-content\/uploads\/2022\/10\/IMG_4354photo-1980x1485.jpg 1980w\" sizes=\"auto, (max-width: 1024px) 100vw, 1024px\" \/><\/figure>\n<\/figure>\n\n\n\n<p>(Photos Noah Tr\u00fcmpler et Astrid Kaiser)<\/p>\n\n\n\n<div data-wp-interactive=\"core\/file\" class=\"wp-block-file\"><object data-wp-bind--hidden=\"!state.hasPdfPreview\" hidden class=\"wp-block-file__embed\" data=\"https:\/\/www.patrimoineglane.ch\/wp-content\/uploads\/2022\/10\/Article-La-Liberte_220902-2.pdf\" type=\"application\/pdf\" style=\"width:100%;height:600px\" aria-label=\"Contenu embarqu\u00e9 Article-La-Liberte_220902-2.\"><\/object><a href=\"https:\/\/www.patrimoineglane.ch\/wp-content\/uploads\/2022\/10\/Article-La-Liberte_220902-2.pdf\">Article-La-Liberte_220902-2<\/a><a href=\"https:\/\/www.patrimoineglane.ch\/wp-content\/uploads\/2022\/10\/Article-La-Liberte_220902-2.pdf\" class=\"wp-block-file__button wp-element-button\" download>T\u00e9l\u00e9charger<\/a><\/div>\n\n\n\n<p>Un grand merci \u00e0 Maud Tornare (texte) et Alain Wicht (photos) pour le bel article publi\u00e9 dans La Libert\u00e9 du 02.09.2022.<\/p>\n\n\n\n<p><\/p>\n","protected":false},"excerpt":{"rendered":"<p>L&rsquo;assembl\u00e9e g\u00e9n\u00e9rale 2024 a eu lieu le samedi31 ao\u00fbt 2024 \u00e0 l&rsquo;\u00e9cole primaire de Ch\u00e2tonnaye. A la suite de l&rsquo;assembl\u00e9e, les participant.e.s ont eu la chance de profiter de la visite exclusive d&rsquo;une demeure priv\u00e9e du milieu du dix-neuvi\u00e8me si\u00e8cle qui a \u00e9t\u00e9 restaur\u00e9e r\u00e9cemment avec autant de soin que de go\u00fbt et de comp\u00e9tence. [&hellip;]<\/p>\n","protected":false},"author":1,"featured_media":0,"parent":0,"menu_order":0,"comment_status":"closed","ping_status":"closed","template":"","meta":{"footnotes":""},"class_list":["post-28","page","type-page","status-publish","hentry"],"_links":{"self":[{"href":"https:\/\/www.patrimoineglane.ch\/index.php?rest_route=\/wp\/v2\/pages\/28","targetHints":{"allow":["GET"]}}],"collection":[{"href":"https:\/\/www.patrimoineglane.ch\/index.php?rest_route=\/wp\/v2\/pages"}],"about":[{"href":"https:\/\/www.patrimoineglane.ch\/index.php?rest_route=\/wp\/v2\/types\/page"}],"author":[{"embeddable":true,"href":"https:\/\/www.patrimoineglane.ch\/index.php?rest_route=\/wp\/v2\/users\/1"}],"replies":[{"embeddable":true,"href":"https:\/\/www.patrimoineglane.ch\/index.php?rest_route=%2Fwp%2Fv2%2Fcomments&post=28"}],"version-history":[{"count":14,"href":"https:\/\/www.patrimoineglane.ch\/index.php?rest_route=\/wp\/v2\/pages\/28\/revisions"}],"predecessor-version":[{"id":452,"href":"https:\/\/www.patrimoineglane.ch\/index.php?rest_route=\/wp\/v2\/pages\/28\/revisions\/452"}],"wp:attachment":[{"href":"https:\/\/www.patrimoineglane.ch\/index.php?rest_route=%2Fwp%2Fv2%2Fmedia&parent=28"}],"curies":[{"name":"wp","href":"https:\/\/api.w.org\/{rel}","templated":true}]}}