{"id":44,"date":"2021-08-02T22:58:12","date_gmt":"2021-08-02T20:58:12","guid":{"rendered":"https:\/\/www.patrimoineglane.ch\/?page_id=44"},"modified":"2025-06-16T20:05:06","modified_gmt":"2025-06-16T18:05:06","slug":"organisation","status":"publish","type":"page","link":"https:\/\/www.patrimoineglane.ch\/?page_id=44","title":{"rendered":"Organisation"},"content":{"rendered":"\n<p><strong>Membres du comit\u00e9 et membres-experts de l&rsquo;association <\/strong>: <\/p>\n\n\n\n<p><\/p>\n\n\n\n<div class=\"wp-block-media-text alignwide is-stacked-on-mobile\" style=\"grid-template-columns:20% auto\"><figure class=\"wp-block-media-text__media\"><img loading=\"lazy\" decoding=\"async\" width=\"1024\" height=\"1024\" src=\"https:\/\/www.patrimoineglane.ch\/wp-content\/uploads\/2021\/09\/photo_stefan-1024x1024.jpg\" alt=\"\" class=\"wp-image-191 size-full\" srcset=\"https:\/\/www.patrimoineglane.ch\/wp-content\/uploads\/2021\/09\/photo_stefan-1024x1024.jpg 1024w, https:\/\/www.patrimoineglane.ch\/wp-content\/uploads\/2021\/09\/photo_stefan-300x300.jpg 300w, https:\/\/www.patrimoineglane.ch\/wp-content\/uploads\/2021\/09\/photo_stefan-150x150.jpg 150w, https:\/\/www.patrimoineglane.ch\/wp-content\/uploads\/2021\/09\/photo_stefan-768x768.jpg 768w, https:\/\/www.patrimoineglane.ch\/wp-content\/uploads\/2021\/09\/photo_stefan-1536x1536.jpg 1536w, https:\/\/www.patrimoineglane.ch\/wp-content\/uploads\/2021\/09\/photo_stefan-2048x2048.jpg 2048w, https:\/\/www.patrimoineglane.ch\/wp-content\/uploads\/2021\/09\/photo_stefan-665x665.jpg 665w\" sizes=\"auto, (max-width: 1024px) 100vw, 1024px\" \/><\/figure><div class=\"wp-block-media-text__content\">\n<p class=\"has-normal-font-size\"><strong>Stefan Tr\u00fcmpler<\/strong> (pr\u00e9sidence)<\/p>\n\n\n\n<p class=\"has-text-align-left\">Historien de l\u2019art, expert pour l\u2019Office f\u00e9d\u00e9ral de la culture et consultant permanent de la Commission f\u00e9d\u00e9rale des monuments historiques, ancien directeur du Vitrocentre et du Vitromus\u00e9e Romont<\/p>\n<\/div><\/div>\n\n\n\n<div class=\"wp-block-media-text alignwide is-stacked-on-mobile\" style=\"grid-template-columns:20% auto\"><figure class=\"wp-block-media-text__media\"><img loading=\"lazy\" decoding=\"async\" width=\"1024\" height=\"1024\" src=\"https:\/\/www.patrimoineglane.ch\/wp-content\/uploads\/2021\/09\/photo_astrid_-1024x1024.jpg\" alt=\"\" class=\"wp-image-156 size-full\" srcset=\"https:\/\/www.patrimoineglane.ch\/wp-content\/uploads\/2021\/09\/photo_astrid_-1024x1024.jpg 1024w, https:\/\/www.patrimoineglane.ch\/wp-content\/uploads\/2021\/09\/photo_astrid_-300x300.jpg 300w, https:\/\/www.patrimoineglane.ch\/wp-content\/uploads\/2021\/09\/photo_astrid_-150x150.jpg 150w, https:\/\/www.patrimoineglane.ch\/wp-content\/uploads\/2021\/09\/photo_astrid_-768x768.jpg 768w, https:\/\/www.patrimoineglane.ch\/wp-content\/uploads\/2021\/09\/photo_astrid_-1536x1536.jpg 1536w, https:\/\/www.patrimoineglane.ch\/wp-content\/uploads\/2021\/09\/photo_astrid_-2048x2048.jpg 2048w, https:\/\/www.patrimoineglane.ch\/wp-content\/uploads\/2021\/09\/photo_astrid_-665x665.jpg 665w\" sizes=\"auto, (max-width: 1024px) 100vw, 1024px\" \/><\/figure><div class=\"wp-block-media-text__content\">\n<p class=\"has-normal-font-size\"><strong>Astrid Kaiser<\/strong> (secr\u00e9tariat)<\/p>\n\n\n\n<p>Historienne de l\u2019art, collaboratrice scientifique au Mus\u00e9e du papier peint M\u00e9zi\u00e8res, auparavant collaboratrice scientifique puis conservatrice au Vitromus\u00e9e Romont<\/p>\n<\/div><\/div>\n\n\n\n<div class=\"wp-block-media-text alignwide is-stacked-on-mobile\" style=\"grid-template-columns:20% auto\"><figure class=\"wp-block-media-text__media\"><img loading=\"lazy\" decoding=\"async\" width=\"876\" height=\"1024\" src=\"https:\/\/www.patrimoineglane.ch\/wp-content\/uploads\/2025\/06\/Pat-GLane-Photo-Frederic-Dumas-recadre-2-876x1024.jpg\" alt=\"\" class=\"wp-image-426 size-full\" srcset=\"https:\/\/www.patrimoineglane.ch\/wp-content\/uploads\/2025\/06\/Pat-GLane-Photo-Frederic-Dumas-recadre-2-876x1024.jpg 876w, https:\/\/www.patrimoineglane.ch\/wp-content\/uploads\/2025\/06\/Pat-GLane-Photo-Frederic-Dumas-recadre-2-257x300.jpg 257w, https:\/\/www.patrimoineglane.ch\/wp-content\/uploads\/2025\/06\/Pat-GLane-Photo-Frederic-Dumas-recadre-2-768x898.jpg 768w, https:\/\/www.patrimoineglane.ch\/wp-content\/uploads\/2025\/06\/Pat-GLane-Photo-Frederic-Dumas-recadre-2.jpg 1621w\" sizes=\"auto, (max-width: 876px) 100vw, 876px\" \/><\/figure><div class=\"wp-block-media-text__content\">\n<p class=\"has-normal-font-size\"><strong>Fr\u00e9d\u00e9ric Dumas<\/strong> (tr\u00e9sorier)<\/p>\n\n\n\n<p><\/p>\n<\/div><\/div>\n\n\n\n<div class=\"wp-block-media-text alignwide is-stacked-on-mobile\" style=\"grid-template-columns:20% auto\"><figure class=\"wp-block-media-text__media\"><img loading=\"lazy\" decoding=\"async\" width=\"683\" height=\"683\" src=\"https:\/\/www.patrimoineglane.ch\/wp-content\/uploads\/2021\/09\/photo_jean-marie.jpg\" alt=\"\" class=\"wp-image-151 size-full\" srcset=\"https:\/\/www.patrimoineglane.ch\/wp-content\/uploads\/2021\/09\/photo_jean-marie.jpg 683w, https:\/\/www.patrimoineglane.ch\/wp-content\/uploads\/2021\/09\/photo_jean-marie-300x300.jpg 300w, https:\/\/www.patrimoineglane.ch\/wp-content\/uploads\/2021\/09\/photo_jean-marie-150x150.jpg 150w, https:\/\/www.patrimoineglane.ch\/wp-content\/uploads\/2021\/09\/photo_jean-marie-665x665.jpg 665w\" sizes=\"auto, (max-width: 683px) 100vw, 683px\" \/><\/figure><div class=\"wp-block-media-text__content\">\n<p class=\"has-normal-font-size\"><strong>Jean-Marie Chollet<\/strong> (comit\u00e9)<\/p>\n\n\n\n<p>Ancien responsable technique chez Epredia-Electroverre, retrace l\u2019histoire de l\u2019usine<\/p>\n<\/div><\/div>\n\n\n\n<div class=\"wp-block-media-text alignwide is-stacked-on-mobile\" style=\"grid-template-columns:20% auto\"><figure class=\"wp-block-media-text__media\"><img loading=\"lazy\" decoding=\"async\" width=\"693\" height=\"854\" src=\"https:\/\/www.patrimoineglane.ch\/wp-content\/uploads\/2024\/03\/Photo-philippe-bertone-photo.jpg\" alt=\"\" class=\"wp-image-377 size-full\" srcset=\"https:\/\/www.patrimoineglane.ch\/wp-content\/uploads\/2024\/03\/Photo-philippe-bertone-photo.jpg 693w, https:\/\/www.patrimoineglane.ch\/wp-content\/uploads\/2024\/03\/Photo-philippe-bertone-photo-243x300.jpg 243w\" sizes=\"auto, (max-width: 693px) 100vw, 693px\" \/><\/figure><div class=\"wp-block-media-text__content\">\n<p class=\"has-normal-font-size\"><strong>Philippe Bertone<\/strong> (comit\u00e9)<\/p>\n\n\n\n<p>Contr\u00f4leur de gestion, passionn\u00e9 de patrimoine et d&rsquo;histoire<\/p>\n<\/div><\/div>\n\n\n\n<div class=\"wp-block-media-text alignwide is-stacked-on-mobile\" style=\"grid-template-columns:20% auto\"><figure class=\"wp-block-media-text__media\"><img loading=\"lazy\" decoding=\"async\" width=\"957\" height=\"957\" src=\"https:\/\/www.patrimoineglane.ch\/wp-content\/uploads\/2021\/09\/photo_fanny.jpg\" alt=\"\" class=\"wp-image-145 size-full\" srcset=\"https:\/\/www.patrimoineglane.ch\/wp-content\/uploads\/2021\/09\/photo_fanny.jpg 957w, https:\/\/www.patrimoineglane.ch\/wp-content\/uploads\/2021\/09\/photo_fanny-300x300.jpg 300w, https:\/\/www.patrimoineglane.ch\/wp-content\/uploads\/2021\/09\/photo_fanny-150x150.jpg 150w, https:\/\/www.patrimoineglane.ch\/wp-content\/uploads\/2021\/09\/photo_fanny-768x768.jpg 768w, https:\/\/www.patrimoineglane.ch\/wp-content\/uploads\/2021\/09\/photo_fanny-665x665.jpg 665w\" sizes=\"auto, (max-width: 957px) 100vw, 957px\" \/><\/figure><div class=\"wp-block-media-text__content\">\n<p class=\"has-normal-font-size\"><strong>Fanny Revertera<\/strong> (experte pour Patrimoine Gl\u00e2ne)<\/p>\n\n\n\n<p>Conservatrice-restauratrice, sp\u00e9cialis\u00e9e en objets arch\u00e9ologiques et \u0153uvres graphiques, employ\u00e9e au Service arch\u00e9ologique de l\u2019\u00c9tat de Fribourg<\/p>\n<\/div><\/div>\n\n\n\n<div class=\"wp-block-media-text alignwide is-stacked-on-mobile\" style=\"grid-template-columns:20% auto\"><figure class=\"wp-block-media-text__media\"><img loading=\"lazy\" decoding=\"async\" width=\"410\" height=\"410\" src=\"https:\/\/www.patrimoineglane.ch\/wp-content\/uploads\/2021\/09\/photo_florence_2.jpg\" alt=\"\" class=\"wp-image-212 size-full\" srcset=\"https:\/\/www.patrimoineglane.ch\/wp-content\/uploads\/2021\/09\/photo_florence_2.jpg 410w, https:\/\/www.patrimoineglane.ch\/wp-content\/uploads\/2021\/09\/photo_florence_2-300x300.jpg 300w, https:\/\/www.patrimoineglane.ch\/wp-content\/uploads\/2021\/09\/photo_florence_2-150x150.jpg 150w\" sizes=\"auto, (max-width: 410px) 100vw, 410px\" \/><\/figure><div class=\"wp-block-media-text__content\">\n<p class=\"has-normal-font-size\"><strong>Florence Bays<\/strong> (experte pour Patrimoine Gl\u00e2ne)<\/p>\n\n\n\n<p>Enseignante au secondaire II et historienne ind\u00e9pendante<\/p>\n<\/div><\/div>\n\n\n\n<div class=\"wp-block-media-text alignwide is-stacked-on-mobile\" style=\"grid-template-columns:20% auto\"><figure class=\"wp-block-media-text__media\"><img loading=\"lazy\" decoding=\"async\" width=\"1024\" height=\"1024\" src=\"https:\/\/www.patrimoineglane.ch\/wp-content\/uploads\/2021\/09\/photo_florian_c_jean-paul_guinnard-1024x1024.jpg\" alt=\"\" class=\"wp-image-214 size-full\" srcset=\"https:\/\/www.patrimoineglane.ch\/wp-content\/uploads\/2021\/09\/photo_florian_c_jean-paul_guinnard-1024x1024.jpg 1024w, https:\/\/www.patrimoineglane.ch\/wp-content\/uploads\/2021\/09\/photo_florian_c_jean-paul_guinnard-300x300.jpg 300w, https:\/\/www.patrimoineglane.ch\/wp-content\/uploads\/2021\/09\/photo_florian_c_jean-paul_guinnard-150x150.jpg 150w, https:\/\/www.patrimoineglane.ch\/wp-content\/uploads\/2021\/09\/photo_florian_c_jean-paul_guinnard-768x768.jpg 768w, https:\/\/www.patrimoineglane.ch\/wp-content\/uploads\/2021\/09\/photo_florian_c_jean-paul_guinnard-1536x1536.jpg 1536w, https:\/\/www.patrimoineglane.ch\/wp-content\/uploads\/2021\/09\/photo_florian_c_jean-paul_guinnard-2048x2048.jpg 2048w, https:\/\/www.patrimoineglane.ch\/wp-content\/uploads\/2021\/09\/photo_florian_c_jean-paul_guinnard-665x665.jpg 665w\" sizes=\"auto, (max-width: 1024px) 100vw, 1024px\" \/><\/figure><div class=\"wp-block-media-text__content\">\n<p class=\"has-normal-font-size\"><strong>Florian Defferrard<\/strong> (expert pour Patrimoine Gl\u00e2ne)<\/p>\n\n\n\n<p>Historien-archiviste, responsable des Archives de la Ville et de la Paroisse catholique de Romont<\/p>\n<\/div><\/div>\n\n\n\n<div class=\"wp-block-media-text alignwide is-stacked-on-mobile\" style=\"grid-template-columns:20% auto\"><figure class=\"wp-block-media-text__media\"><img loading=\"lazy\" decoding=\"async\" width=\"1024\" height=\"1024\" src=\"https:\/\/www.patrimoineglane.ch\/wp-content\/uploads\/2021\/09\/photo_julie-1024x1024.jpg\" alt=\"\" class=\"wp-image-216 size-full\" srcset=\"https:\/\/www.patrimoineglane.ch\/wp-content\/uploads\/2021\/09\/photo_julie-1024x1024.jpg 1024w, https:\/\/www.patrimoineglane.ch\/wp-content\/uploads\/2021\/09\/photo_julie-300x300.jpg 300w, https:\/\/www.patrimoineglane.ch\/wp-content\/uploads\/2021\/09\/photo_julie-150x150.jpg 150w, https:\/\/www.patrimoineglane.ch\/wp-content\/uploads\/2021\/09\/photo_julie-768x768.jpg 768w, https:\/\/www.patrimoineglane.ch\/wp-content\/uploads\/2021\/09\/photo_julie-665x665.jpg 665w, https:\/\/www.patrimoineglane.ch\/wp-content\/uploads\/2021\/09\/photo_julie.jpg 1032w\" sizes=\"auto, (max-width: 1024px) 100vw, 1024px\" \/><\/figure><div class=\"wp-block-media-text__content\">\n<p class=\"has-normal-font-size\"><strong>Julie Vuignier<\/strong> (experte pour Patrimoine Gl\u00e2ne)<\/p>\n\n\n\n<p>Conservatrice-restauratrice sp\u00e9cialis\u00e9e en objets arch\u00e9ologiques<\/p>\n<\/div><\/div>\n\n\n\n<p><strong>Ancien.ne.s membres du comit\u00e9<\/strong><\/p>\n\n\n\n<div class=\"wp-block-media-text alignwide is-stacked-on-mobile\" style=\"grid-template-columns:20% auto\"><figure class=\"wp-block-media-text__media\"><img loading=\"lazy\" decoding=\"async\" width=\"792\" height=\"878\" src=\"https:\/\/www.patrimoineglane.ch\/wp-content\/uploads\/2024\/02\/Photo_Raymond-Jaquet_recadre.jpg\" alt=\"\" class=\"wp-image-369 size-full\" srcset=\"https:\/\/www.patrimoineglane.ch\/wp-content\/uploads\/2024\/02\/Photo_Raymond-Jaquet_recadre.jpg 792w, https:\/\/www.patrimoineglane.ch\/wp-content\/uploads\/2024\/02\/Photo_Raymond-Jaquet_recadre-271x300.jpg 271w, https:\/\/www.patrimoineglane.ch\/wp-content\/uploads\/2024\/02\/Photo_Raymond-Jaquet_recadre-768x851.jpg 768w\" sizes=\"auto, (max-width: 792px) 100vw, 792px\" \/><\/figure><div class=\"wp-block-media-text__content\">\n<p class=\"has-normal-font-size\"><strong>Raymond Jaquet<\/strong> (tr\u00e9sorier)<\/p>\n\n\n\n<p>Retrait\u00e9, Formation bancaire, ancien Pr\u00e9sident de la Fondation du Mus\u00e9e Suisse du Vitrail et des Arts du Verre Romont<\/p>\n<\/div><\/div>\n\n\n\n<div class=\"wp-block-media-text alignwide is-stacked-on-mobile\" style=\"grid-template-columns:20% auto\"><figure class=\"wp-block-media-text__media\"><img loading=\"lazy\" decoding=\"async\" width=\"440\" height=\"439\" src=\"https:\/\/www.patrimoineglane.ch\/wp-content\/uploads\/2021\/09\/photo_madeleine.jpg\" alt=\"\" class=\"wp-image-215 size-full\" srcset=\"https:\/\/www.patrimoineglane.ch\/wp-content\/uploads\/2021\/09\/photo_madeleine.jpg 440w, https:\/\/www.patrimoineglane.ch\/wp-content\/uploads\/2021\/09\/photo_madeleine-300x300.jpg 300w, https:\/\/www.patrimoineglane.ch\/wp-content\/uploads\/2021\/09\/photo_madeleine-150x150.jpg 150w\" sizes=\"auto, (max-width: 440px) 100vw, 440px\" \/><\/figure><div class=\"wp-block-media-text__content\">\n<p class=\"has-normal-font-size\"><strong>Madeleine Fasel-Eggs<\/strong> (communication)<\/p>\n\n\n\n<p>Ancienne directrice de l\u2019Organisation touristique Romont et sa r\u00e9gion<\/p>\n<\/div><\/div>\n","protected":false},"excerpt":{"rendered":"<p>Membres du comit\u00e9 et membres-experts de l&rsquo;association : Stefan Tr\u00fcmpler (pr\u00e9sidence) Historien de l\u2019art, expert pour l\u2019Office f\u00e9d\u00e9ral de la culture et consultant permanent de la Commission f\u00e9d\u00e9rale des monuments historiques, ancien directeur du Vitrocentre et du Vitromus\u00e9e Romont Astrid Kaiser (secr\u00e9tariat) Historienne de l\u2019art, collaboratrice scientifique au Mus\u00e9e du papier peint M\u00e9zi\u00e8res, auparavant collaboratrice [&hellip;]<\/p>\n","protected":false},"author":1,"featured_media":0,"parent":0,"menu_order":0,"comment_status":"closed","ping_status":"closed","template":"","meta":{"footnotes":""},"class_list":["post-44","page","type-page","status-publish","hentry"],"_links":{"self":[{"href":"https:\/\/www.patrimoineglane.ch\/index.php?rest_route=\/wp\/v2\/pages\/44","targetHints":{"allow":["GET"]}}],"collection":[{"href":"https:\/\/www.patrimoineglane.ch\/index.php?rest_route=\/wp\/v2\/pages"}],"about":[{"href":"https:\/\/www.patrimoineglane.ch\/index.php?rest_route=\/wp\/v2\/types\/page"}],"author":[{"embeddable":true,"href":"https:\/\/www.patrimoineglane.ch\/index.php?rest_route=\/wp\/v2\/users\/1"}],"replies":[{"embeddable":true,"href":"https:\/\/www.patrimoineglane.ch\/index.php?rest_route=%2Fwp%2Fv2%2Fcomments&post=44"}],"version-history":[{"count":23,"href":"https:\/\/www.patrimoineglane.ch\/index.php?rest_route=\/wp\/v2\/pages\/44\/revisions"}],"predecessor-version":[{"id":427,"href":"https:\/\/www.patrimoineglane.ch\/index.php?rest_route=\/wp\/v2\/pages\/44\/revisions\/427"}],"wp:attachment":[{"href":"https:\/\/www.patrimoineglane.ch\/index.php?rest_route=%2Fwp%2Fv2%2Fmedia&parent=44"}],"curies":[{"name":"wp","href":"https:\/\/api.w.org\/{rel}","templated":true}]}}