{"id":49,"date":"2021-08-02T23:15:39","date_gmt":"2021-08-02T21:15:39","guid":{"rendered":"https:\/\/www.patrimoineglane.ch\/?page_id=49"},"modified":"2025-08-03T11:12:39","modified_gmt":"2025-08-03T09:12:39","slug":"statuts","status":"publish","type":"page","link":"https:\/\/www.patrimoineglane.ch\/?page_id=49","title":{"rendered":"Statuts et proc\u00e8s verbaux"},"content":{"rendered":"\n<p>Vous trouverez ci-dessous les statuts de l&rsquo;Association fond\u00e9e le 20 mai 2021 ainsi que les proc\u00e8s verbaux de l&rsquo;assembl\u00e9e constitutive et des assembl\u00e9es g\u00e9n\u00e9rales du 11.11.2021, du 5.11.2022 et du 09.12.2023:<\/p>\n\n\n\n<p><\/p>\n\n\n\n<div data-wp-interactive=\"core\/file\" class=\"wp-block-file\"><object data-wp-bind--hidden=\"!state.hasPdfPreview\" hidden class=\"wp-block-file__embed\" data=\"https:\/\/www.patrimoineglane.ch\/wp-content\/uploads\/2021\/09\/Statuts-Association-Patrimoine-Glane.pdf\" type=\"application\/pdf\" style=\"width:100%;height:600px\" aria-label=\"Contenu embarqu\u00e9 Statuts-Association-Patrimoine-Glane.\"><\/object><a href=\"https:\/\/www.patrimoineglane.ch\/wp-content\/uploads\/2021\/09\/Statuts-Association-Patrimoine-Glane.pdf\">Statuts-Association-Patrimoine-Glane<\/a><a href=\"https:\/\/www.patrimoineglane.ch\/wp-content\/uploads\/2021\/09\/Statuts-Association-Patrimoine-Glane.pdf\" class=\"wp-block-file__button wp-element-button\" download>T\u00e9l\u00e9charger<\/a><\/div>\n\n\n\n<p><br><\/p>\n\n\n\n<div data-wp-interactive=\"core\/file\" class=\"wp-block-file\"><object data-wp-bind--hidden=\"!state.hasPdfPreview\" hidden class=\"wp-block-file__embed\" data=\"https:\/\/www.patrimoineglane.ch\/wp-content\/uploads\/2021\/11\/PV-AG-constitutive.pdf\" type=\"application\/pdf\" style=\"width:100%;height:600px\" aria-label=\"Contenu embarqu\u00e9 PV assembl\u00e9e constitutive.\"><\/object><a href=\"https:\/\/www.patrimoineglane.ch\/wp-content\/uploads\/2021\/11\/PV-AG-constitutive.pdf\">PV assembl\u00e9e constitutive<\/a><a href=\"https:\/\/www.patrimoineglane.ch\/wp-content\/uploads\/2021\/11\/PV-AG-constitutive.pdf\" class=\"wp-block-file__button wp-element-button\" download>T\u00e9l\u00e9charger<\/a><\/div>\n\n\n\n<div data-wp-interactive=\"core\/file\" class=\"wp-block-file\"><object data-wp-bind--hidden=\"!state.hasPdfPreview\" hidden class=\"wp-block-file__embed\" data=\"https:\/\/www.patrimoineglane.ch\/wp-content\/uploads\/2022\/10\/PV-AG_20211111_provisoire.pdf\" type=\"application\/pdf\" style=\"width:100%;height:600px\" aria-label=\"Contenu embarqu\u00e9 PV_AG_20211111.\"><\/object><a href=\"https:\/\/www.patrimoineglane.ch\/wp-content\/uploads\/2022\/10\/PV-AG_20211111_provisoire.pdf\">PV_AG_20211111<\/a><a href=\"https:\/\/www.patrimoineglane.ch\/wp-content\/uploads\/2022\/10\/PV-AG_20211111_provisoire.pdf\" class=\"wp-block-file__button wp-element-button\" download>T\u00e9l\u00e9charger<\/a><\/div>\n\n\n\n<div data-wp-interactive=\"core\/file\" class=\"wp-block-file\"><object data-wp-bind--hidden=\"!state.hasPdfPreview\" hidden class=\"wp-block-file__embed\" data=\"https:\/\/www.patrimoineglane.ch\/wp-content\/uploads\/2023\/11\/PV-AG_20221105.pdf\" type=\"application\/pdf\" style=\"width:100%;height:600px\" aria-label=\"Contenu embarqu\u00e9 PV_AG_20221105.\"><\/object><a href=\"https:\/\/www.patrimoineglane.ch\/wp-content\/uploads\/2023\/11\/PV-AG_20221105.pdf\">PV_AG_20221105<\/a><a href=\"https:\/\/www.patrimoineglane.ch\/wp-content\/uploads\/2023\/11\/PV-AG_20221105.pdf\" class=\"wp-block-file__button wp-element-button\" download>T\u00e9l\u00e9charger<\/a><\/div>\n\n\n\n<div data-wp-interactive=\"core\/file\" class=\"wp-block-file\"><object data-wp-bind--hidden=\"!state.hasPdfPreview\" hidden class=\"wp-block-file__embed\" data=\"https:\/\/www.patrimoineglane.ch\/wp-content\/uploads\/2025\/08\/PV-AG_20231209_def-1.pdf\" type=\"application\/pdf\" style=\"width:100%;height:600px\" aria-label=\"Contenu embarqu\u00e9 PV AG_20231209_def.\"><\/object><a id=\"wp-block-file--media-305e0f1b-0f7f-475d-84d6-942cd55c0f52\" href=\"https:\/\/www.patrimoineglane.ch\/wp-content\/uploads\/2025\/08\/PV-AG_20231209_def-1.pdf\">PV AG_20231209_def<\/a><a href=\"https:\/\/www.patrimoineglane.ch\/wp-content\/uploads\/2025\/08\/PV-AG_20231209_def-1.pdf\" class=\"wp-block-file__button wp-element-button\" download aria-describedby=\"wp-block-file--media-305e0f1b-0f7f-475d-84d6-942cd55c0f52\">T\u00e9l\u00e9charger<\/a><\/div>\n\n\n","protected":false},"excerpt":{"rendered":"<p>Vous trouverez ci-dessous les statuts de l&rsquo;Association fond\u00e9e le 20 mai 2021 ainsi que les proc\u00e8s verbaux de l&rsquo;assembl\u00e9e constitutive et des assembl\u00e9es g\u00e9n\u00e9rales du 11.11.2021, du 5.11.2022 et du 09.12.2023:<\/p>\n","protected":false},"author":1,"featured_media":0,"parent":0,"menu_order":0,"comment_status":"closed","ping_status":"closed","template":"","meta":{"footnotes":""},"class_list":["post-49","page","type-page","status-publish","hentry"],"_links":{"self":[{"href":"https:\/\/www.patrimoineglane.ch\/index.php?rest_route=\/wp\/v2\/pages\/49","targetHints":{"allow":["GET"]}}],"collection":[{"href":"https:\/\/www.patrimoineglane.ch\/index.php?rest_route=\/wp\/v2\/pages"}],"about":[{"href":"https:\/\/www.patrimoineglane.ch\/index.php?rest_route=\/wp\/v2\/types\/page"}],"author":[{"embeddable":true,"href":"https:\/\/www.patrimoineglane.ch\/index.php?rest_route=\/wp\/v2\/users\/1"}],"replies":[{"embeddable":true,"href":"https:\/\/www.patrimoineglane.ch\/index.php?rest_route=%2Fwp%2Fv2%2Fcomments&post=49"}],"version-history":[{"count":12,"href":"https:\/\/www.patrimoineglane.ch\/index.php?rest_route=\/wp\/v2\/pages\/49\/revisions"}],"predecessor-version":[{"id":448,"href":"https:\/\/www.patrimoineglane.ch\/index.php?rest_route=\/wp\/v2\/pages\/49\/revisions\/448"}],"wp:attachment":[{"href":"https:\/\/www.patrimoineglane.ch\/index.php?rest_route=%2Fwp%2Fv2%2Fmedia&parent=49"}],"curies":[{"name":"wp","href":"https:\/\/api.w.org\/{rel}","templated":true}]}}