{"id":51,"date":"2021-08-02T23:16:59","date_gmt":"2021-08-02T21:16:59","guid":{"rendered":"https:\/\/www.patrimoineglane.ch\/?page_id=51"},"modified":"2024-08-07T20:28:55","modified_gmt":"2024-08-07T18:28:55","slug":"media","status":"publish","type":"page","link":"https:\/\/www.patrimoineglane.ch\/?page_id=51","title":{"rendered":"M\u00e9dias"},"content":{"rendered":"\n<p>On parle de nous : <\/p>\n\n\n\n<p>La Libert\u00e9 du 20 juillet 2024<\/p>\n\n\n\n<div data-wp-interactive=\"core\/file\" class=\"wp-block-file\"><object data-wp-bind--hidden=\"!state.hasPdfPreview\" hidden class=\"wp-block-file__embed\" data=\"https:\/\/www.patrimoineglane.ch\/wp-content\/uploads\/2024\/08\/La-Liberte-Page-15-20.07.24-2.pdf\" type=\"application\/pdf\" style=\"width:100%;height:600px\" aria-label=\"Contenu embarqu\u00e9 La Liberte\u0301 Page 15 - 20.07.24.\"><\/object><a id=\"wp-block-file--media-fed16cfb-c0b7-44f1-8a3c-6c1f65440ae7\" href=\"https:\/\/www.patrimoineglane.ch\/wp-content\/uploads\/2024\/08\/La-Liberte-Page-15-20.07.24-2.pdf\">La Liberte\u0301 Page 15 &#8211; 20.07.24<\/a><a href=\"https:\/\/www.patrimoineglane.ch\/wp-content\/uploads\/2024\/08\/La-Liberte-Page-15-20.07.24-2.pdf\" class=\"wp-block-file__button wp-element-button\" download aria-describedby=\"wp-block-file--media-fed16cfb-c0b7-44f1-8a3c-6c1f65440ae7\">T\u00e9l\u00e9charger<\/a><\/div>\n\n\n\n<p>La Libert\u00e9 du 11 d\u00e9cembre 2023, suite \u00e0 l&rsquo;Assembl\u00e9e g\u00e9n\u00e9rale du 9.12.2023<\/p>\n\n\n\n<figure class=\"wp-block-image size-full\"><img decoding=\"async\" src=\"https:\/\/www.patrimoineglane.ch\/wp-content\/uploads\/2024\/02\/Article-La-Liberte_231211_Archives-Electroverre-copie.jpeg\" alt=\"\" class=\"wp-image-355\"\/><\/figure>\n\n\n\n<p><a href=\"https:\/\/www.facebook.com\/plugins\/post.php?href=https%3A%2F%2Fwww.facebook.com%2FPatrimoineGlane.ch%2Fposts%2Fpfbid02cobzb16ViSM41vd3RMAMVRY4yCtxMAKc6BfUMStEsxwyR7LT2N47Svi9kpPhFXHQl&amp;show_text=true&amp;width=500\">Post Facebook<\/a><\/p>\n\n\n\n<p><\/p>\n\n\n\n<ul class=\"wp-block-list\">\n<li>La Libert\u00e9 du 8.06.2021<\/li>\n<\/ul>\n\n\n\n<p><a href=\"https:\/\/www.laliberte.ch\/news\/regions\/canton\/naissance-de-patrimoine-glane-607507\">https:\/\/www.laliberte.ch\/news\/regions\/canton\/naissance-de-patrimoine-glane-607507<\/a><\/p>\n\n\n\n<figure class=\"wp-block-image size-full\"><img loading=\"lazy\" decoding=\"async\" width=\"645\" height=\"635\" src=\"https:\/\/www.patrimoineglane.ch\/wp-content\/uploads\/2022\/09\/20210608_Article-La-Liberte.jpeg\" alt=\"\" class=\"wp-image-290\" srcset=\"https:\/\/www.patrimoineglane.ch\/wp-content\/uploads\/2022\/09\/20210608_Article-La-Liberte.jpeg 645w, https:\/\/www.patrimoineglane.ch\/wp-content\/uploads\/2022\/09\/20210608_Article-La-Liberte-300x295.jpeg 300w\" sizes=\"auto, (max-width: 645px) 100vw, 645px\" \/><\/figure>\n\n\n\n<ul class=\"wp-block-list\">\n<li>La T\u00e9l\u00e9, Journal \u00ab\u00a0Radar fribourgeois\u00a0\u00bb du 21.06.2021<\/li>\n<\/ul>\n\n\n\n<p><a href=\"https:\/\/latele.ch\/emissions\/radar-fribourgeois\/radar-fribourgeois-s-2021-e-118?s=1\">https:\/\/latele.ch\/emissions\/radar-fribourgeois\/radar-fribourgeois-s-2021-e-118?s=1<\/a><\/p>\n\n\n\n<p><\/p>\n\n\n\n<ul class=\"wp-block-list\">\n<li>Frapp, article de Mediaparc SA du 3.05.2021<\/li>\n<\/ul>\n\n\n\n<p><a href=\"https:\/\/frapp.ch\/fr\/articles\/stories\/romont-les-derniers-instants-delectroverre-immortalises\">https:\/\/frapp.ch\/fr\/articles\/stories\/romont-les-derniers-instants-delectroverre-immortalises<\/a><\/p>\n\n\n\n<ul class=\"wp-block-list\">\n<li>La Gruy\u00e8re du 13.11.2021<\/li>\n<\/ul>\n\n\n\n<figure class=\"wp-block-image size-large\"><img loading=\"lazy\" decoding=\"async\" width=\"1024\" height=\"742\" src=\"https:\/\/www.patrimoineglane.ch\/wp-content\/uploads\/2022\/09\/20211113_La-Gruyere-1024x742.jpg\" alt=\"\" class=\"wp-image-292\" srcset=\"https:\/\/www.patrimoineglane.ch\/wp-content\/uploads\/2022\/09\/20211113_La-Gruyere-1024x742.jpg 1024w, https:\/\/www.patrimoineglane.ch\/wp-content\/uploads\/2022\/09\/20211113_La-Gruyere-300x217.jpg 300w, https:\/\/www.patrimoineglane.ch\/wp-content\/uploads\/2022\/09\/20211113_La-Gruyere-768x557.jpg 768w, https:\/\/www.patrimoineglane.ch\/wp-content\/uploads\/2022\/09\/20211113_La-Gruyere-1536x1113.jpg 1536w, https:\/\/www.patrimoineglane.ch\/wp-content\/uploads\/2022\/09\/20211113_La-Gruyere-2048x1484.jpg 2048w, https:\/\/www.patrimoineglane.ch\/wp-content\/uploads\/2022\/09\/20211113_La-Gruyere-1200x870.jpg 1200w, https:\/\/www.patrimoineglane.ch\/wp-content\/uploads\/2022\/09\/20211113_La-Gruyere-1980x1435.jpg 1980w\" sizes=\"auto, (max-width: 1024px) 100vw, 1024px\" \/><\/figure>\n\n\n\n<ul class=\"wp-block-list\">\n<li>La Libert\u00e9 du 13.11.2021<\/li>\n<\/ul>\n\n\n\n<figure class=\"wp-block-image size-large\"><img loading=\"lazy\" decoding=\"async\" width=\"1024\" height=\"928\" src=\"https:\/\/www.patrimoineglane.ch\/wp-content\/uploads\/2022\/09\/20211113_La-Liberte-1024x928.jpg\" alt=\"\" class=\"wp-image-293\" srcset=\"https:\/\/www.patrimoineglane.ch\/wp-content\/uploads\/2022\/09\/20211113_La-Liberte-1024x928.jpg 1024w, https:\/\/www.patrimoineglane.ch\/wp-content\/uploads\/2022\/09\/20211113_La-Liberte-300x272.jpg 300w, https:\/\/www.patrimoineglane.ch\/wp-content\/uploads\/2022\/09\/20211113_La-Liberte-768x696.jpg 768w, https:\/\/www.patrimoineglane.ch\/wp-content\/uploads\/2022\/09\/20211113_La-Liberte-1536x1392.jpg 1536w, https:\/\/www.patrimoineglane.ch\/wp-content\/uploads\/2022\/09\/20211113_La-Liberte-1200x1087.jpg 1200w, https:\/\/www.patrimoineglane.ch\/wp-content\/uploads\/2022\/09\/20211113_La-Liberte-1980x1794.jpg 1980w, https:\/\/www.patrimoineglane.ch\/wp-content\/uploads\/2022\/09\/20211113_La-Liberte.jpg 2031w\" sizes=\"auto, (max-width: 1024px) 100vw, 1024px\" \/><\/figure>\n\n\n\n<ul class=\"wp-block-list\">\n<li>La Libert\u00e9 du 2 septembre 2022<\/li>\n<\/ul>\n\n\n\n<figure class=\"wp-block-image size-large\"><img loading=\"lazy\" decoding=\"async\" width=\"983\" height=\"1024\" src=\"https:\/\/www.patrimoineglane.ch\/wp-content\/uploads\/2022\/09\/IMG_0960-3-983x1024.jpeg\" alt=\"\" class=\"wp-image-294\" srcset=\"https:\/\/www.patrimoineglane.ch\/wp-content\/uploads\/2022\/09\/IMG_0960-3-983x1024.jpeg 983w, https:\/\/www.patrimoineglane.ch\/wp-content\/uploads\/2022\/09\/IMG_0960-3-288x300.jpeg 288w, https:\/\/www.patrimoineglane.ch\/wp-content\/uploads\/2022\/09\/IMG_0960-3-768x800.jpeg 768w, https:\/\/www.patrimoineglane.ch\/wp-content\/uploads\/2022\/09\/IMG_0960-3-1474x1536.jpeg 1474w, https:\/\/www.patrimoineglane.ch\/wp-content\/uploads\/2022\/09\/IMG_0960-3-1966x2048.jpeg 1966w, https:\/\/www.patrimoineglane.ch\/wp-content\/uploads\/2022\/09\/IMG_0960-3-1200x1250.jpeg 1200w, https:\/\/www.patrimoineglane.ch\/wp-content\/uploads\/2022\/09\/IMG_0960-3-1980x2063.jpeg 1980w\" sizes=\"auto, (max-width: 983px) 100vw, 983px\" \/><\/figure>\n\n\n\n<p><a href=\"https:\/\/www.facebook.com\/Patrimoine-Gl%C3%A2ne-109251648061398\/\">Page Facebook<\/a><\/p>\n\n\n\n<p><a href=\"https:\/\/www.facebook.com\/Patrimoine-Gl%C3%A2ne-109251648061398\/\">https:\/\/www.facebook.com\/Patrimoine-Gl%C3%A2ne-109251648061398\/<\/a><\/p>\n\n\n\n<p><\/p>\n\n\n\n<p><\/p>\n\n\n\n<p><\/p>\n\n\n\n<p><\/p>\n","protected":false},"excerpt":{"rendered":"<p>On parle de nous : La Libert\u00e9 du 20 juillet 2024 La Libert\u00e9 du 11 d\u00e9cembre 2023, suite \u00e0 l&rsquo;Assembl\u00e9e g\u00e9n\u00e9rale du 9.12.2023 Post Facebook https:\/\/www.laliberte.ch\/news\/regions\/canton\/naissance-de-patrimoine-glane-607507 https:\/\/latele.ch\/emissions\/radar-fribourgeois\/radar-fribourgeois-s-2021-e-118?s=1 https:\/\/frapp.ch\/fr\/articles\/stories\/romont-les-derniers-instants-delectroverre-immortalises Page Facebook https:\/\/www.facebook.com\/Patrimoine-Gl%C3%A2ne-109251648061398\/<\/p>\n","protected":false},"author":1,"featured_media":0,"parent":0,"menu_order":0,"comment_status":"closed","ping_status":"closed","template":"","meta":{"footnotes":""},"class_list":["post-51","page","type-page","status-publish","hentry"],"_links":{"self":[{"href":"https:\/\/www.patrimoineglane.ch\/index.php?rest_route=\/wp\/v2\/pages\/51","targetHints":{"allow":["GET"]}}],"collection":[{"href":"https:\/\/www.patrimoineglane.ch\/index.php?rest_route=\/wp\/v2\/pages"}],"about":[{"href":"https:\/\/www.patrimoineglane.ch\/index.php?rest_route=\/wp\/v2\/types\/page"}],"author":[{"embeddable":true,"href":"https:\/\/www.patrimoineglane.ch\/index.php?rest_route=\/wp\/v2\/users\/1"}],"replies":[{"embeddable":true,"href":"https:\/\/www.patrimoineglane.ch\/index.php?rest_route=%2Fwp%2Fv2%2Fcomments&post=51"}],"version-history":[{"count":16,"href":"https:\/\/www.patrimoineglane.ch\/index.php?rest_route=\/wp\/v2\/pages\/51\/revisions"}],"predecessor-version":[{"id":404,"href":"https:\/\/www.patrimoineglane.ch\/index.php?rest_route=\/wp\/v2\/pages\/51\/revisions\/404"}],"wp:attachment":[{"href":"https:\/\/www.patrimoineglane.ch\/index.php?rest_route=%2Fwp%2Fv2%2Fmedia&parent=51"}],"curies":[{"name":"wp","href":"https:\/\/api.w.org\/{rel}","templated":true}]}}